{"id":60,"date":"2026-03-05T21:59:08","date_gmt":"2026-03-05T21:59:08","guid":{"rendered":"https:\/\/vsdlu.ch\/?page_id=60"},"modified":"2026-03-23T10:13:46","modified_gmt":"2026-03-23T10:13:46","slug":"start","status":"publish","type":"page","link":"https:\/\/vsdlu.ch\/","title":{"rendered":"Die Stimme der Schuldienste im Kanton Luzern"},"content":{"rendered":"\n<div class=\"wp-block-group alignfull is-layout-flow wp-container-core-group-is-layout-f9cb6abc wp-block-group-is-layout-flow\" style=\"margin-top:0;margin-bottom:0\">\n<div class=\"wp-block-group alignfull is-style-default has-global-padding is-layout-constrained wp-block-group-is-layout-constrained\">\n<h2 class=\"wp-block-heading\">F\u00fcr Qualit\u00e4t, Zusammenarbeit und Austausch<\/h2>\n\n\n\n<div style=\"height:55px\" aria-hidden=\"true\" class=\"wp-block-spacer\"><\/div>\n<\/div>\n\n\n\n<div class=\"wp-block-group alignfull is-style-section-5 has-global-padding is-content-justification-center is-layout-constrained wp-block-group-is-layout-constrained is-style-section-5--1\">\n<div class=\"wp-block-columns is-layout-flex wp-container-core-columns-is-layout-28f84493 wp-block-columns-is-layout-flex\">\n<div class=\"wp-block-column is-layout-flow wp-block-column-is-layout-flow\" style=\"flex-basis:100%\">\n<div class=\"wp-block-group alignfull has-global-padding is-layout-constrained wp-block-group-is-layout-constrained\">\n<div class=\"wp-block-columns alignfull are-vertically-aligned-center is-style-section-5 is-layout-flex wp-container-core-columns-is-layout-d9884270 wp-block-columns-is-layout-flex is-style-section-5--2\" style=\"padding-top:0;padding-bottom:0\">\n<div class=\"wp-block-column is-vertically-aligned-center is-style-default is-layout-flow wp-block-column-is-layout-flow\" style=\"flex-basis:50%\">\n<div class=\"wp-block-group is-style-section-5 has-text-color has-link-color wp-elements-05331cc09f2e7f7dfb74c562cd9e29ba has-global-padding is-content-justification-center is-layout-constrained wp-container-core-group-is-layout-61ca2f44 wp-block-group-is-layout-constrained is-style-section-5--3\" style=\"border-style:none;border-width:0px;color:#ecf1f7;min-height:0vh;margin-top:0;margin-bottom:0;padding-top:var(--wp--preset--spacing--50);padding-right:var(--wp--preset--spacing--50);padding-bottom:var(--wp--preset--spacing--50);padding-left:var(--wp--preset--spacing--50)\">\n<p class=\"has-medium-font-size\" style=\"border-style:none;border-width:0px\">Der Verband der Schuldienste Kanton Luzern ist der Zusammenschluss der Schuldienstleitungen im Kanton Luzern.<\/p>\n\n\n\n<p><\/p>\n\n\n\n<p class=\"has-medium-font-size\">Wir vertreten die Interessen der Schuldienste gegen\u00fcber Beh\u00f6rden und \u00d6ffentlichkeit, bringen uns in bildungspolitische Entwicklungen ein und f\u00f6rdern den fachlichen Austausch sowie die Zusammenarbeit unter den Mitgliedern.<\/p>\n\n\n\n<p><\/p>\n\n\n\n<p class=\"has-medium-font-size\">Als politisch und konfessionell neutraler Verein mit Sitz in Luzern setzt er sich f\u00fcr starke, vernetzte und qualitativ hochwertige Schuldienste ein.<\/p>\n<\/div>\n<\/div>\n\n\n\n<div class=\"wp-block-column is-vertically-aligned-center has-global-padding is-content-justification-center is-layout-constrained wp-container-core-column-is-layout-576950fd wp-block-column-is-layout-constrained\" style=\"padding-top:0;padding-right:0;padding-bottom:0;padding-left:0;flex-basis:500px\">\n<figure class=\"wp-block-image aligncenter size-full has-custom-border is-style-default\" style=\"margin-top:0;margin-right:0;margin-bottom:0;margin-left:0\"><img loading=\"lazy\" decoding=\"async\" width=\"643\" height=\"190\" src=\"https:\/\/vsdlu.ch\/wp-content\/uploads\/2026\/03\/360_F_894376087_YSfWg9EJkr4arw7KYUghkHisGu69u7DV.jpg\" alt=\"\" class=\"wp-image-35\" style=\"border-style:none;border-width:0px;border-top-left-radius:0px;border-top-right-radius:0px;border-bottom-left-radius:0px;border-bottom-right-radius:0px;aspect-ratio:16\/9;object-fit:cover\" srcset=\"https:\/\/vsdlu.ch\/wp-content\/uploads\/2026\/03\/360_F_894376087_YSfWg9EJkr4arw7KYUghkHisGu69u7DV.jpg 643w, https:\/\/vsdlu.ch\/wp-content\/uploads\/2026\/03\/360_F_894376087_YSfWg9EJkr4arw7KYUghkHisGu69u7DV-300x89.jpg 300w\" sizes=\"auto, (max-width: 643px) 100vw, 643px\" \/><\/figure>\n<\/div>\n<\/div>\n<\/div>\n<\/div>\n<\/div>\n<\/div>\n<\/div>\n\n\n\n<p><\/p>\n","protected":false},"excerpt":{"rendered":"<p>F\u00fcr Qualit\u00e4t, Zusammenarbeit und Austausch Der Verband der Schuldienste Kanton Luzern ist der Zusammenschluss der Schuldienstleitungen im Kanton Luzern. Wir vertreten die Interessen der Schuldienste gegen\u00fcber Beh\u00f6rden und \u00d6ffentlichkeit, bringen uns in bildungspolitische Entwicklungen ein und f\u00f6rdern den fachlichen Austausch sowie die Zusammenarbeit unter den Mitgliedern. Als politisch und konfessionell neutraler Verein mit Sitz in [&hellip;]<\/p>\n","protected":false},"author":1,"featured_media":0,"parent":0,"menu_order":0,"comment_status":"closed","ping_status":"closed","template":"","meta":{"footnotes":""},"class_list":["post-60","page","type-page","status-publish","hentry"],"aioseo_notices":[],"_links":{"self":[{"href":"https:\/\/vsdlu.ch\/index.php?rest_route=\/wp\/v2\/pages\/60","targetHints":{"allow":["GET"]}}],"collection":[{"href":"https:\/\/vsdlu.ch\/index.php?rest_route=\/wp\/v2\/pages"}],"about":[{"href":"https:\/\/vsdlu.ch\/index.php?rest_route=\/wp\/v2\/types\/page"}],"author":[{"embeddable":true,"href":"https:\/\/vsdlu.ch\/index.php?rest_route=\/wp\/v2\/users\/1"}],"replies":[{"embeddable":true,"href":"https:\/\/vsdlu.ch\/index.php?rest_route=%2Fwp%2Fv2%2Fcomments&post=60"}],"version-history":[{"count":20,"href":"https:\/\/vsdlu.ch\/index.php?rest_route=\/wp\/v2\/pages\/60\/revisions"}],"predecessor-version":[{"id":280,"href":"https:\/\/vsdlu.ch\/index.php?rest_route=\/wp\/v2\/pages\/60\/revisions\/280"}],"wp:attachment":[{"href":"https:\/\/vsdlu.ch\/index.php?rest_route=%2Fwp%2Fv2%2Fmedia&parent=60"}],"curies":[{"name":"wp","href":"https:\/\/api.w.org\/{rel}","templated":true}]}}