{"id":54,"date":"2026-03-05T12:09:39","date_gmt":"2026-03-05T12:09:39","guid":{"rendered":"https:\/\/vsdlu.ch\/?page_id=54"},"modified":"2026-03-11T13:51:40","modified_gmt":"2026-03-11T13:51:40","slug":"verband","status":"publish","type":"page","link":"https:\/\/vsdlu.ch\/?page_id=54","title":{"rendered":"\u00dcber uns"},"content":{"rendered":"\n<div style=\"height:100px\" aria-hidden=\"true\" class=\"wp-block-spacer\"><\/div>\n\n\n\n<h2 class=\"wp-block-heading\">Verband<\/h2>\n\n\n\n<div class=\"wp-block-columns is-style-section-1 has-contrast-color has-text-color has-link-color wp-elements-71c8a9a389fb13ab1f854d0ad0fb8518 is-layout-flex wp-container-core-columns-is-layout-f3e73c6b wp-block-columns-is-layout-flex is-style-section-1--1\" style=\"padding-top:var(--wp--preset--spacing--30);padding-right:var(--wp--preset--spacing--30);padding-bottom:var(--wp--preset--spacing--30);padding-left:var(--wp--preset--spacing--30)\">\n<div class=\"wp-block-column is-style-default wp-elements-d5a99eeb2ec472ebeec9fb60951f0ca7 is-layout-flow wp-block-column-is-layout-flow\" style=\"flex-basis:400px\">\n<h2 class=\"wp-block-heading has-text-align-right has-accent-2-color has-text-color has-link-color wp-elements-6a3f774d5a53da2789105340c36f8124\">Unsere Mission<\/h2>\n<\/div>\n\n\n\n<div class=\"wp-block-column is-style-default is-layout-flow wp-block-column-is-layout-flow\">\n<p class=\"has-medium-font-size\">Wir setzen uns f\u00fcr starke, vernetzte und qualitativ hochwertige Schuldienste im Kanton Luzern ein. Der VSDLu vertritt die Interessen der Schuldienste gegen\u00fcber Beh\u00f6rden, politischen Gremien und der \u00d6ffentlichkeit und bringt sich aktiv in bildungspolitische Entwicklungen ein<strong>.<\/strong><\/p>\n<\/div>\n<\/div>\n\n\n\n<div class=\"wp-block-columns is-style-section-1 has-accent-5-color has-text-color has-link-color wp-elements-ad00dd7582ad65bff7ac461e9b2318db is-layout-flex wp-container-core-columns-is-layout-f3e73c6b wp-block-columns-is-layout-flex is-style-section-1--2\" style=\"padding-top:var(--wp--preset--spacing--30);padding-right:var(--wp--preset--spacing--30);padding-bottom:var(--wp--preset--spacing--30);padding-left:var(--wp--preset--spacing--30)\">\n<div class=\"wp-block-column is-layout-flow wp-block-column-is-layout-flow\" style=\"flex-basis:400px\">\n<h2 class=\"wp-block-heading has-text-align-right has-accent-2-color has-text-color has-link-color wp-elements-4852c13f8878d64ed63bc610e9465c5c\">Unsere Ziele<\/h2>\n<\/div>\n\n\n\n<div class=\"wp-block-column is-style-default is-layout-flow wp-block-column-is-layout-flow\">\n<ul class=\"wp-block-list\">\n<li class=\"has-medium-font-size\"><strong>Interessenvertretung:<\/strong> Stimme der Schuldienste gegen\u00fcber Kanton, Gemeinden und \u00d6ffentlichkeit<\/li>\n\n\n\n<li class=\"has-medium-font-size\"><strong>Mitgestaltung:<\/strong> Mitarbeit bei aktuellen bildungspolitischen Themen und Entwicklungen<\/li>\n\n\n\n<li class=\"has-medium-font-size\"><strong>Qualit\u00e4tsf\u00f6rderung:<\/strong> Unterst\u00fctzung der Weiterentwicklung und Zusammenarbeit der Schuldienste<\/li>\n\n\n\n<li class=\"has-medium-font-size\"><strong>Vernetzung: <\/strong>F\u00f6rderung des fachlichen Austauschs und der gegenseitigen Unterst\u00fctzung.<\/li>\n<\/ul>\n\n\n\n<p class=\"has-contrast-color has-text-color has-link-color has-medium-font-size wp-elements-fdbee89cf78ca4ec3122c22f62048c57\">Der Verband verfolgt keine finanziellen oder gewinnorientierten Zwecke.<\/p>\n<\/div>\n<\/div>\n\n\n\n<div class=\"wp-block-columns is-style-section-1 is-layout-flex wp-container-core-columns-is-layout-f3e73c6b wp-block-columns-is-layout-flex is-style-section-1--3\" style=\"padding-top:var(--wp--preset--spacing--30);padding-right:var(--wp--preset--spacing--30);padding-bottom:var(--wp--preset--spacing--30);padding-left:var(--wp--preset--spacing--30)\">\n<div class=\"wp-block-column wp-elements-b3e5f93654357565a9e9da9afbb38b24 is-layout-flow wp-block-column-is-layout-flow\" style=\"flex-basis:400px\">\n<h2 class=\"wp-block-heading has-text-align-right is-style-default has-accent-2-color has-text-color has-link-color has-x-large-font-size wp-elements-36391c5918799aada8ec3dfa8f4162ad\">Vorstand<\/h2>\n<\/div>\n\n\n\n<div class=\"wp-block-column is-style-default is-layout-flow wp-block-column-is-layout-flow\">\n<p class=\"has-medium-font-size\"><strong>Co-Pr\u00e4sidium:<\/strong><\/p>\n\n\n\n<p class=\"has-medium-font-size\">Niklaus Oberholzer, Schulunterst\u00fctzung Stadt Luzern<\/p>\n\n\n\n<p class=\"has-medium-font-size\">Christa Heer, Schuldienste Kreis Dagmersellen<\/p>\n\n\n\n<p class=\"has-medium-font-size\"><strong>Weitere:<\/strong><\/p>\n\n\n\n<p class=\"has-medium-font-size\">Myriam Achermann, Schulunterst\u00fctzung Kriens<\/p>\n\n\n\n<p class=\"has-medium-font-size\">Pia Kaufmann, Schuldienste Rothenburg<\/p>\n\n\n\n<p class=\"has-medium-font-size\">Sandra Lauwerijssen, Schuldienste Emmen<\/p>\n<\/div>\n<\/div>\n\n\n\n<div style=\"height:100px\" aria-hidden=\"true\" class=\"wp-block-spacer\"><\/div>\n\n\n\n<h2 class=\"wp-block-heading\">Mitglied werden<\/h2>\n\n\n\n<p class=\"has-medium-font-size\">Da sich der Verband noch im Aufbau befindet, k\u00f6nnen zur Zeit lediglich Personen, welche in der Funktion einer Schuldienstleitung im Kanton Luzern t\u00e4tig sind, Mitglied werden. Wir bitten um Verst\u00e4ndnis.<\/p>\n\n\n\n<div class=\"wp-block-buttons is-layout-flex wp-block-buttons-is-layout-flex\">\n<div class=\"wp-block-button\"><a class=\"wp-block-button__link wp-element-button\" href=\"https:\/\/vsdlu.ch\/?page_id=195\"><strong>Registrierung<\/strong><\/a><\/div>\n<\/div>\n\n\n\n<p class=\"has-accent-1-color has-text-color has-link-color has-small-font-size wp-elements-caf4e124d988eead5984aec7d7295f6e\">&gt;&gt; Nur f\u00fcr Leiterinnen und Leiter der Schuldienste Kanton Luzern &lt;&lt;<\/p>\n\n\n\n<div style=\"height:100px\" aria-hidden=\"true\" class=\"wp-block-spacer\"><\/div>\n","protected":false},"excerpt":{"rendered":"<p>Verband Unsere Mission Wir setzen uns f\u00fcr starke, vernetzte und qualitativ hochwertige Schuldienste im Kanton Luzern ein. Der VSDLu vertritt die Interessen der Schuldienste gegen\u00fcber Beh\u00f6rden, politischen Gremien und der \u00d6ffentlichkeit und bringt sich aktiv in bildungspolitische Entwicklungen ein. Unsere Ziele Der Verband verfolgt keine finanziellen oder gewinnorientierten Zwecke. Vorstand Co-Pr\u00e4sidium: Niklaus Oberholzer, Schulunterst\u00fctzung Stadt [&hellip;]<\/p>\n","protected":false},"author":1,"featured_media":0,"parent":0,"menu_order":0,"comment_status":"closed","ping_status":"closed","template":"","meta":{"footnotes":""},"class_list":["post-54","page","type-page","status-publish","hentry"],"aioseo_notices":[],"_links":{"self":[{"href":"https:\/\/vsdlu.ch\/index.php?rest_route=\/wp\/v2\/pages\/54","targetHints":{"allow":["GET"]}}],"collection":[{"href":"https:\/\/vsdlu.ch\/index.php?rest_route=\/wp\/v2\/pages"}],"about":[{"href":"https:\/\/vsdlu.ch\/index.php?rest_route=\/wp\/v2\/types\/page"}],"author":[{"embeddable":true,"href":"https:\/\/vsdlu.ch\/index.php?rest_route=\/wp\/v2\/users\/1"}],"replies":[{"embeddable":true,"href":"https:\/\/vsdlu.ch\/index.php?rest_route=%2Fwp%2Fv2%2Fcomments&post=54"}],"version-history":[{"count":17,"href":"https:\/\/vsdlu.ch\/index.php?rest_route=\/wp\/v2\/pages\/54\/revisions"}],"predecessor-version":[{"id":224,"href":"https:\/\/vsdlu.ch\/index.php?rest_route=\/wp\/v2\/pages\/54\/revisions\/224"}],"wp:attachment":[{"href":"https:\/\/vsdlu.ch\/index.php?rest_route=%2Fwp%2Fv2%2Fmedia&parent=54"}],"curies":[{"name":"wp","href":"https:\/\/api.w.org\/{rel}","templated":true}]}}